{"id":201,"date":"2022-05-04T23:04:00","date_gmt":"2022-05-04T23:04:00","guid":{"rendered":"https:\/\/plan4sustain.pt\/wp\/?page_id=201"},"modified":"2025-03-31T15:09:03","modified_gmt":"2025-03-31T14:09:03","slug":"privacy-policy-2","status":"publish","type":"page","link":"https:\/\/plan4sustain.pt\/pt\/privacy-policy-2\/","title":{"rendered":"Pol\u00edtica de Privacidade"},"content":{"rendered":"<div data-elementor-type=\"wp-page\" data-elementor-id=\"201\" class=\"elementor elementor-201\" data-elementor-post-type=\"page\">\n\t\t\t\t<div class=\"elementor-element elementor-element-e6b02b0 e-flex e-con-boxed e-con e-parent\" data-id=\"e6b02b0\" data-element_type=\"container\" data-e-type=\"container\">\n\t\t\t\t\t<div class=\"e-con-inner\">\n\t\t\t\t\t<\/div>\n\t\t\t\t<\/div>\n\t\t<div class=\"elementor-element elementor-element-45d0fb8 e-flex e-con-boxed e-con e-parent\" data-id=\"45d0fb8\" data-element_type=\"container\" data-e-type=\"container\">\n\t\t\t\t\t<div class=\"e-con-inner\">\n\t\t\t\t<div class=\"elementor-element elementor-element-d05bee2 elementor-widget elementor-widget-heading\" data-id=\"d05bee2\" data-element_type=\"widget\" data-e-type=\"widget\" data-widget_type=\"heading.default\">\n\t\t\t\t<div class=\"elementor-widget-container\">\n\t\t\t\t\t<h4 class=\"elementor-heading-title elementor-size-default\">A NOSSA POL\u00cdTICA DE PRIVACIDADE<\/h4>\t\t\t\t<\/div>\n\t\t\t\t<\/div>\n\t\t\t\t<div class=\"elementor-element elementor-element-1e9429d elementor-widget__width-initial elementor-widget elementor-widget-heading\" data-id=\"1e9429d\" data-element_type=\"widget\" data-e-type=\"widget\" data-widget_type=\"heading.default\">\n\t\t\t\t<div class=\"elementor-widget-container\">\n\t\t\t\t\t<h2 class=\"elementor-heading-title elementor-size-default\">Pol\u00edtica de Privacidade<\/h2>\t\t\t\t<\/div>\n\t\t\t\t<\/div>\n\t\t\t\t\t<\/div>\n\t\t\t\t<\/div>\n\t\t<div class=\"elementor-element elementor-element-33af071a e-flex e-con-boxed e-con e-parent\" data-id=\"33af071a\" data-element_type=\"container\" data-e-type=\"container\">\n\t\t\t\t\t<div class=\"e-con-inner\">\n\t\t\t\t<div class=\"elementor-element elementor-element-6fc9f27b elementor-widget elementor-widget-text-editor\" data-id=\"6fc9f27b\" data-element_type=\"widget\" data-e-type=\"widget\" data-widget_type=\"text-editor.default\">\n\t\t\t\t<div class=\"elementor-widget-container\">\n\t\t\t\t\t\t\t\t\t\n<p><strong>Informa\u00e7\u00e3o Legal<\/strong><\/p>\n\n<p>O website www.plan4sustain.pt pertence a V\u00edtor Hugo dos Santos Ferreira, pessoa singular. \nA Plan4Sustain esta\u0301 responsabilizada pela protec\u0327a\u0303o dos dados pessoais que lhe sa\u0303o confiados.\nPor esse motivo, toda a informac\u0327a\u0303o de natureza pessoal e\u0301 tratada e protegida com toda a dilige\u0302ncia, e sempre de acordo com a lei aplica\u0301vel: Regulamento UE 2016\/679, Regulamento Geral sobre a Protec\u0327a\u0303o de Dados (RGPD).<\/p>\n\n<p><strong>Pol\u00edtica de Privacidade<\/strong><\/p>\n\n<ol class=\"wp-block-list\">\n<li>1. Esta Poli\u0301tica de Privacidade explica quem somos, para que finalidades podemos tratar os seus dados pessoais, como os tratamos, a quem os podemos divulgar, tais como, clientes, para onde podem ser transferidos ou onde podem aceder aos mesmos e quais os seus direitos.<\/li>\n<li>2. A Plan4Sustain \u00e9 uma marca detida por V\u00edtor Hugo dos Santos Ferreira e tratara\u0301 os seus dados pessoais (tambe\u0301m referidos nesta poli\u0301tica como \u201cinformac\u0327a\u0303o\u201d) de acordo com os fins abaixo descritos.<\/li>\n<li>Plan4Sustain is responsible for the processing of personal data.<\/li>\n<li>4. Os seus dados pessoais sera\u0303o objeto de tratamento apenas para as seguintes finalidades:<\/li>\n<\/ol>\n\n<p>A. Finalidades relevantes para trabalhadores da Plan4Sustain<\/p>\n\n<ul class=\"wp-block-list\">\n<li>Gesta\u0303o de Recursos Humanos: inclui os tratamentos de dados necessa\u0301rios para a celebrac\u0327a\u0303o, cumprimento e cessac\u0327a\u0303o de um contrato de trabalho, gesta\u0303o de tempos de trabalho, ause\u0302ncias e fe\u0301rias, processamento de sala\u0301rios e outros benefi\u0301cios, relac\u0327a\u0303o com a Administrac\u0327a\u0303o Tributa\u0301ria e a Seguranc\u0327a Social, promoc\u0327o\u0303es e desenvolvimento da carreira, formac\u0327a\u0303o, avaliac\u0327a\u0303o, despesas de representac\u0327a\u0303o e comunicac\u0327a\u0303o com os trabalhadores, exerci\u0301cio do poder disciplinar.<\/li>\n<li>Gesta\u0303o interna e de nego\u0301cio: inclui atividades como o planeamento de projetos, registo de tempos de trabalho, gesta\u0303o de ativos da empresa, prestac\u0327a\u0303o de servic\u0327os centralizados para aumentar a eficie\u0302ncia das operac\u0327o\u0303es, realizac\u0327a\u0303o de auditorias e investigac\u0327o\u0303es, implementac\u0327a\u0303o de controlos de gesta\u0303o, utilizac\u0327a\u0303o de bases de dados internas, gesta\u0303o de arquivo, seguros, prevenc\u0327a\u0303o, preparac\u0327a\u0303o e gesta\u0303o de conflitos.<\/li>\n<li>Seguranc\u0327a, Higiene e Sau\u0301de no trabalho: Inclui atividades relacionadas com a seguranc\u0327a, higiene e sau\u0301de no trabalho, a protec\u0327a\u0303o dos trabalhadores e dos ativos da empresa, a autenticac\u0327a\u0303o de trabalhadores e gesta\u0303o de acessos.<\/li>\n<li>Ana\u0301lise e Gesta\u0303o: inclui atividades como questiona\u0301rios de satisfac\u0327a\u0303o, e o tratamento dos dados de trabalhadores para efeitos de reporte e ana\u0301lise.<\/li>\n<li>Cumprimento de obriga\u00e7\u00f5es legais: inclui o tratamento de dados pessoais estritamente necess\u00e1rio para o cumprimento das respetivas obriga\u00e7\u00f5es legais, como a divulga\u00e7\u00e3o de dados em conformidade com ordens judiciais, a colabora\u00e7\u00e3o com entidades reguladoras e a defesa dos interesses leg\u00edtimos da Plan4Sustain.<\/li>\n<li>Prote\u00e7\u00e3o de interesses vitais: o tratamento de dados pessoais para a prote\u00e7\u00e3o dos interesses vitais dos trabalhadores.<\/li>\n<\/ul>\n\n<p>B. Finalidades relevantes para Clientes<\/p>\n\n<ul class=\"wp-block-list\">\n<li>Recrutamento: inclui atividades de recrutamento tais como a pesquisa, selec\u0327a\u0303o e colocac\u0327a\u0303o em clientes da Plan4Sustain, bem como atividades relacionadas. Neste a\u0302mbito sera\u0303o tambe\u0301m tratados dados relativos ao processamento de sala\u0301rios e gesta\u0303o de recursos humanos.<\/li>\n<li>Execuc\u0327a\u0303o de contratos: Inclui atividades como celebrar contratos com clientes e parceiros, assim como a comunicac\u0327a\u0303o com terceiros envolvidos nos contratos (companhias de seguros, beneficia\u0301rios, intermedia\u0301rios) e a resposta pedidos de clientes e parceiros.<\/li>\n<li>Desenvolvimento e melhoria dos servic\u0327os: inclui atividades necessa\u0301rias para o desenvolvimento e melhoria dos servic\u0327os prestados pela Plan4Sustain, ana\u0301lise da atividade e processamento para efeitos estati\u0301sticos e cienti\u0301ficos.<\/li>\n<\/ul>\n\n<ol class=\"wp-block-list\" start=\"5\">\n<li>Utiliza\u00e7\u00e3o de informa\u00e7\u00e3o.<\/li>\n<\/ol>\n\n<ul class=\"wp-block-list\">\n<li>Legitimidade para o Tratamento dos seus dados - Os seus dados apenas sera\u0303o utilizados se verificada uma das situac\u0327o\u0303es seguintes:<\/li>\n<\/ul>\n\n<p>1] Deu o seu consentimento atrav\u00e9s da assinatura ou aceita\u00e7\u00e3o de um formul\u00e1rio online ou em papel.<br \/>2] Os dados s\u00e3o necess\u00e1rios para o cumprimento das obriga\u00e7\u00f5es legais decorrentes do contrato de presta\u00e7\u00e3o de servi\u00e7os.<br \/>3] Os dados s\u00e3o necess\u00e1rios para o cumprimento de uma obriga\u00e7\u00e3o legal a que a Plan4Sustain est\u00e1 sujeita, como a divulga\u00e7\u00e3o de dados \u00e0 Autoridade Tribut\u00e1ria, \u00e0 Seguran\u00e7a Social ou a outras entidades competentes.<br \/>4] Os dados s\u00e3o necess\u00e1rios para efeitos dos interesses leg\u00edtimos prosseguidos pela Plan4Sustain, desde que n\u00e3o prevale\u00e7am sobre os interesses ou os direitos, liberdades e garantias do titular dos dados.<\/p>\n\n<ol class=\"wp-block-list\" start=\"6\">\n<li>Os seus dados pessoais na\u0303o sera\u0303o utilizados para outras finalidades que na\u0303o as descritas na presente poli\u0301tica, sem que tal seja previamente informado ou, se for o caso, obtido o seu consentimento.<\/li>\n<li>Os seus dados sera\u0303o tratados pela Plan4Sustain aplicando medidas te\u0301cnicas e organizativas adequadas para assegurar um ni\u0301vel elevado de seguranc\u0327a, nos termos do RGPD.<\/li>\n<li>Em relac\u0327a\u0303o aos candidatos a emprego, a Plan4Sustain define e analisa perfis de comportamento com vista a prestar um melhor servic\u0327o de selec\u0327a\u0303o e recrutamento de recursos humanos.<\/li>\n<li>Os seus dados pessoais sera\u0303o conservados pelo peri\u0301odo de tempo mi\u0301nimo necessa\u0301rio e proporcional para a prossecuc\u0327a\u0303o das finalidades acima descritas. No caso de trabalhadores, os seus dados sera\u0303o conservados para efeitos de cumprimentos das obrigac\u0327o\u0303es legais e de protec\u0327a\u0303o dos interesses legi\u0301timos da Plan4Sustain.<\/li>\n<li>Relativamente aos processos de recrutamento, e nos termos da legislac\u0327a\u0303o laboral, os seus dados sera\u0303o conservados durante um peri\u0301odo de 2 (anos).<\/li>\n<li>Partilha de informa\u00e7\u00e3o - a sua informac\u0327a\u0303o pessoal pode ser divulgada:<\/li>\n<\/ol>\n\n<ul class=\"wp-block-list\">\n<li>A terceiros prestadores de servic\u0327os da Plan4Sustain, quando estes respeitam as exig\u00eancias previstas na lei. A Plan4Sustain utiliza diversas entidades terceiras para prestar servic\u0327os, as quais podera\u0303o ter acesso aos seus dados.<\/li>\n<li>Autoridades P\u00fablicas: Nos termos da legisla\u00e7\u00e3o aplic\u00e1vel, a Plan4Sustain est\u00e1 obrigada a divulgar dados \u00e0 Autoridade Tribut\u00e1ria, \u00e0 Seguran\u00e7a Social, \u00e0 Autoridade para as Condi\u00e7\u00f5es do Trabalho e, mediante ordens judiciais, \u00e0s autoridades judici\u00e1rias.<\/li>\n<\/ul>\n\n<ol class=\"wp-block-list\" start=\"13\">\n<li>De acordo com a presente poli\u0301tica de privacidade, a utilizac\u0327a\u0303o da sua informac\u0327a\u0303o pode envolver a transfere\u0302ncia da mesma para outros pai\u0301ses.<\/li>\n<li>Direitos do utilizador - a qualquer momento, pode solicitar-nos:<\/li>\n<\/ol>\n\n<ul class=\"wp-block-list\">\n<li>O acesso aos seus dados pessoais;<\/li>\n<li>A retificac\u0327a\u0303o da sua informac\u0327a\u0303o pessoal;<\/li>\n<li>A oposic\u0327a\u0303o, o apagamento ou a limitac\u0327a\u0303o do tratamento dos seus dados pessoais;<\/li>\n<li>A portabilidade dos dados pessoais anteriormente fornecidos, de forma estruturada, compati\u0301vel e num formato legi\u0301vel.<\/li>\n<\/ul>\n\n<ol class=\"wp-block-list\" start=\"15\">\n<li>Para exercer os seus direitos, por favor contacte o nosso Encarregado de Protec\u0327a\u0303o de Dados, atrave\u0301s do seguinte contacto: rgpd@plan4sustain.pt Os seus pedidos sera\u0303o tratados com especial cuidado, de forma a que possamos assegurar a efica\u0301cia dos seus direitos.<\/li>\n<li>Podera\u0301 ser pedido que fac\u0327a prova da sua identidade de modo a assegurar que a partilha dos dados pessoais e\u0301 apenas feita com o seu titular.<\/li>\n<li>Deve ter presente, que em certos casos, nos termos da lei aplica\u0301vel o seu pedido podera\u0301 na\u0303o ser imediato ou integralmente satisfeito.<\/li>\n<li>De qualquer modo, sera\u0301 informado das medidas tomadas nesse sentido, no prazo de um me\u0302s a partir do momento em que o pedido for efetuado.<\/li>\n<li>Tem ainda o direito de apresentar reclamac\u0327a\u0303o a\u0300 autoridade nacional de controlo: www.cnpd.pt.<\/li>\n<\/ol>\n\t\t\t\t\t\t\t\t<\/div>\n\t\t\t\t<\/div>\n\t\t\t\t\t<\/div>\n\t\t\t\t<\/div>\n\t\t\t\t<\/div>","protected":false},"excerpt":{"rendered":"<p>OUR PRIVACY POLICY Privacy Policy Legal Information The website www.plan4sustain.pt belongs to V\u00edtor Hugo dos Santos Ferreira, a natural person. [&hellip;]<\/p>\n","protected":false},"author":3,"featured_media":0,"parent":0,"menu_order":0,"comment_status":"closed","ping_status":"closed","template":"","meta":{"site-sidebar-layout":"default","site-content-layout":"","ast-site-content-layout":"","site-content-style":"default","site-sidebar-style":"default","ast-global-header-display":"","ast-banner-title-visibility":"","ast-main-header-display":"","ast-hfb-above-header-display":"","ast-hfb-below-header-display":"","ast-hfb-mobile-header-display":"","site-post-title":"disabled","ast-breadcrumbs-content":"","ast-featured-img":"","footer-sml-layout":"","ast-disable-related-posts":"","theme-transparent-header-meta":"","adv-header-id-meta":"","stick-header-meta":"","header-above-stick-meta":"","header-main-stick-meta":"","header-below-stick-meta":"","astra-migrate-meta-layouts":"default","ast-page-background-enabled":"default","ast-page-background-meta":{"desktop":{"background-color":"var(--ast-global-color-4)","background-image":"","background-repeat":"repeat","background-position":"center center","background-size":"auto","background-attachment":"scroll","background-type":"","background-media":"","overlay-type":"","overlay-color":"","overlay-opacity":"","overlay-gradient":""},"tablet":{"background-color":"","background-image":"","background-repeat":"repeat","background-position":"center center","background-size":"auto","background-attachment":"scroll","background-type":"","background-media":"","overlay-type":"","overlay-color":"","overlay-opacity":"","overlay-gradient":""},"mobile":{"background-color":"","background-image":"","background-repeat":"repeat","background-position":"center center","background-size":"auto","background-attachment":"scroll","background-type":"","background-media":"","overlay-type":"","overlay-color":"","overlay-opacity":"","overlay-gradient":""}},"ast-content-background-meta":{"desktop":{"background-color":"var(--ast-global-color-5)","background-image":"","background-repeat":"repeat","background-position":"center center","background-size":"auto","background-attachment":"scroll","background-type":"","background-media":"","overlay-type":"","overlay-color":"","overlay-opacity":"","overlay-gradient":""},"tablet":{"background-color":"var(--ast-global-color-5)","background-image":"","background-repeat":"repeat","background-position":"center center","background-size":"auto","background-attachment":"scroll","background-type":"","background-media":"","overlay-type":"","overlay-color":"","overlay-opacity":"","overlay-gradient":""},"mobile":{"background-color":"var(--ast-global-color-5)","background-image":"","background-repeat":"repeat","background-position":"center center","background-size":"auto","background-attachment":"scroll","background-type":"","background-media":"","overlay-type":"","overlay-color":"","overlay-opacity":"","overlay-gradient":""}},"footnotes":""},"class_list":["post-201","page","type-page","status-publish","hentry"],"_links":{"self":[{"href":"https:\/\/plan4sustain.pt\/pt\/wp-json\/wp\/v2\/pages\/201","targetHints":{"allow":["GET"]}}],"collection":[{"href":"https:\/\/plan4sustain.pt\/pt\/wp-json\/wp\/v2\/pages"}],"about":[{"href":"https:\/\/plan4sustain.pt\/pt\/wp-json\/wp\/v2\/types\/page"}],"author":[{"embeddable":true,"href":"https:\/\/plan4sustain.pt\/pt\/wp-json\/wp\/v2\/users\/3"}],"replies":[{"embeddable":true,"href":"https:\/\/plan4sustain.pt\/pt\/wp-json\/wp\/v2\/comments?post=201"}],"version-history":[{"count":31,"href":"https:\/\/plan4sustain.pt\/pt\/wp-json\/wp\/v2\/pages\/201\/revisions"}],"predecessor-version":[{"id":5386,"href":"https:\/\/plan4sustain.pt\/pt\/wp-json\/wp\/v2\/pages\/201\/revisions\/5386"}],"wp:attachment":[{"href":"https:\/\/plan4sustain.pt\/pt\/wp-json\/wp\/v2\/media?parent=201"}],"curies":[{"name":"wp","href":"https:\/\/api.w.org\/{rel}","templated":true}]}}